{"id":2,"date":"2026-01-28T10:42:44","date_gmt":"2026-01-28T10:42:44","guid":{"rendered":"http:\/\/kimbarth.be\/?page_id=2"},"modified":"2026-02-20T10:18:31","modified_gmt":"2026-02-20T10:18:31","slug":"uber-mich","status":"publish","type":"page","link":"http:\/\/kimbarth.be\/index.php\/uber-mich\/","title":{"rendered":"\u00dcber mich"},"content":{"rendered":"\n<div class=\"wp-block-group alignfull has-contrast-2-color has-accent-4-background-color has-text-color has-background has-link-color has-large-font-size wp-elements-f05df88674dc6e0925d6f8a2b1e8a1d6 has-global-padding is-layout-constrained wp-container-core-group-is-layout-facafb6f wp-block-group-is-layout-constrained\" style=\"margin-top:0;margin-bottom:0;padding-top:var(--wp--preset--spacing--50);padding-right:var(--wp--preset--spacing--50);padding-bottom:var(--wp--preset--spacing--50);padding-left:var(--wp--preset--spacing--50)\">\n<div class=\"wp-block-columns alignwide is-layout-flex wp-container-core-columns-is-layout-d1c656ed wp-block-columns-is-layout-flex\">\n<div class=\"wp-block-column is-vertically-aligned-stretch is-layout-flow wp-block-column-is-layout-flow\" style=\"padding-right:0;flex-basis:60%\">\n<div class=\"wp-block-group has-contrast-color has-text-color has-link-color has-medium-font-size wp-elements-f1f16e36f7503512bc015c5be43ac3a2 is-vertical is-content-justification-center is-nowrap is-layout-flex wp-container-core-group-is-layout-c45408f9 wp-block-group-is-layout-flex\" style=\"min-height:100%\">\n<div style=\"height:0px\" aria-hidden=\"true\" class=\"wp-block-spacer wp-container-content-6388d5dc\"><\/div>\n\n\n\n<p class=\"has-text-align-center has-contrast-color has-text-color has-link-color has-medium-font-size wp-elements-68f1352ba6593d4ea9721d3332523946\">In meiner Arbeit verbinde ich fundiertes psychologisches Fachwissen mit einer einf\u00fchlsamen und respektvollen Haltung. Es ist mir ein gro\u00dfes Anliegen, dass Sie sich bei mir gut aufgehoben, verstanden und ernst genommen f\u00fchlen. Damit Sie sich vorab ein Bild von mir, meinen Kompetenzen und meiner Arbeitsweise machen k\u00f6nnen, habe ich hier einige Informationen zu meiner Ausbildung und meinem beruflichen Werdegang zusammengestellt. Zu viel m\u00f6chte ich jedoch nicht verraten \u2013 schlie\u00dflich hoffe ich, dass wir uns bald pers\u00f6nlich kennenlernen.<\/p>\n\n\n\n<div style=\"height:0px\" aria-hidden=\"true\" class=\"wp-block-spacer wp-container-content-6388d5dc\"><\/div>\n\n\n\n<blockquote class=\"wp-block-quote has-base-color has-base-2-background-color has-text-color has-background has-link-color wp-elements-bfd3860db86ac42d0b3fc8d7b1774a25 is-layout-flow wp-block-quote-is-layout-flow\">\n<h3 class=\"wp-block-heading has-contrast-color has-text-color has-link-color has-large-font-size wp-elements-c319fd8afa14c99857a114d3644e8cb3\">Beruflicher Werdegang<\/h3>\n\n\n\n<h4 class=\"wp-block-heading has-contrast-color has-text-color has-link-color wp-elements-75f684e0dfa8fd4ad43947bbd253bbe1\">Kaleido Ostbelgien 2022-2023<\/h4>\n\n\n\n<h5 class=\"wp-block-heading has-contrast-2-color has-text-color has-link-color has-small-font-size wp-elements-9fdc09520ecd4d46ff51bd11ba7cdb2e\">Bei Kaleido Ostbelgien war ich in einer Einrichtung t\u00e4tig und begleitete Kinder im Vorschul- sowie Grundschulalter.  Der Einsatz standardisierter Testverfahren, insbesondere die Durchf\u00fchrung von IQ-Testungen, z\u00e4hlte zu meinen zentralen Aufgaben und entsprach in besonderem Ma\u00dfe meinen fachlichen St\u00e4rken.<\/h5>\n\n\n\n<h4 class=\"wp-block-heading has-contrast-color has-text-color has-link-color wp-elements-2578e4678694839d4973e37ef37fcb17\">Wegweiser Ostbelgien 2022 &#8211; heute<\/h4>\n\n\n\n<h5 class=\"wp-block-heading has-contrast-2-color has-text-color has-link-color has-small-font-size wp-elements-3c483e02b51df7899c8201c4f218d397\">In meiner Arbeit bei Wegweiser Ostbelgien stehe ich Jugendlichen und jungen Erwachsenen in schwierigen Lebenslagen beratend und unterst\u00fctzend zur Seite. Dabei ist mir ein vertrauensvoller, individueller Ansatz besonders wichtig. Besonders sch\u00e4tze ich die Arbeit mit strukturierten Methoden, die dazu beitragen, Herausforderungen zu erkennen und L\u00f6sungen zu entwickeln.<\/h5>\n\n\n\n<h4 class=\"wp-block-heading has-contrast-color has-text-color has-link-color wp-elements-21ba71d09cd8255a99bc6193e254f13d\">Ehrenamtliches Engagement im Turnverein Raeren 2023 &#8211; heute<\/h4>\n\n\n\n<h5 class=\"wp-block-heading has-contrast-2-color has-text-color has-link-color has-small-font-size wp-elements-1ca681d7081b24bdb34a620309ea334d\">Seit 2023 engagiere ich mich ehrenamtlich als Leiterin des Eltern-Kind-Turnens in Raeren f\u00fcr Kinder im Alter von 2 bis 4 Jahren. Es bereitet mir gro\u00dfe Freude, die Kleinen gemeinsam mit ihren Eltern in Bewegung zu begleiten, ihre Entwicklung spielerisch zu f\u00f6rdern und ihnen positive Erlebnisse zu erm\u00f6glichen.&nbsp;<\/h5>\n\n\n\n<h4 class=\"wp-block-heading has-contrast-color has-text-color has-link-color wp-elements-cbd69b7909522c3aeab4b2793d4f64a1\">Start in die Selbstst\u00e4ndigkeit 2024<\/h4>\n\n\n\n<h5 class=\"wp-block-heading has-contrast-2-color has-text-color has-link-color has-small-font-size wp-elements-ec4cb4c5fb58cfc583b9702a41d96065\">Meine Selbstst\u00e4ndigkeit begann zun\u00e4chst im Bereich Eltern-Kind-Turnen in Kooperation mit Kaleido Ostbelgien. Die begleitende Arbeit mit Kindern und Eltern best\u00e4rkte mich darin, diesen Weg weiter auszubauen.<\/h5>\n\n\n\n<h5 class=\"wp-block-heading has-contrast-2-color has-text-color has-link-color has-small-font-size wp-elements-7ac162d28bad855869551ef49ded96d1\">Inzwischen f\u00fchre ich nebenberuflich meine eigene Praxis, in der ich auf meine Ausbildung als klinische Psychologin und meine vielf\u00e4ltigen beruflichen Erfahrungen zur\u00fcckgreife \u2013 sei es in der Arbeit bei Kaleido Ostbelgien mit wissenschaftlich fundierten Testverfahren oder in der sozio-psychologischen Unterst\u00fctzung und Begleitung von Menschen in herausfordernden Lebenssituationen bei Wegweiser Ostbelgien. So kann ich Menschen individuell, fachlich fundiert und zugleich einf\u00fchlsam begleiten.<\/h5>\n<\/blockquote>\n<\/div>\n\n\n\n<p><\/p>\n<\/div>\n\n\n\n<div class=\"wp-block-column is-layout-flow wp-block-column-is-layout-flow\" style=\"flex-basis:40%\">\n<blockquote class=\"wp-block-quote has-contrast-color has-base-2-background-color has-text-color has-background has-link-color has-small-font-size wp-elements-949c4e2050d04d203c9c66e819916487 is-layout-flow wp-block-quote-is-layout-flow\">\n<h3 class=\"wp-block-heading has-contrast-color has-text-color has-link-color has-large-font-size wp-elements-4fe150dfeffb1cbf7b0ab1f9489db344\">Ausbildung &amp; Zertifizierungen<\/h3>\n\n\n\n<h4 class=\"wp-block-heading has-contrast-color has-text-color has-link-color wp-elements-e9956419d0d500fe4b0b498d70401529\">Universit\u00e4t L\u00fcttich&nbsp;2017-2020<\/h4>\n\n\n\n<h5 class=\"wp-block-heading has-contrast-2-color has-text-color has-link-color has-medium-font-size wp-elements-af211a8e69eb270a5651a5f80037a07a\">Bachelor in Psychologie und Erziehungswissenschaften, allgemeine Ausrichtung<\/h5>\n\n\n\n<h4 class=\"wp-block-heading has-contrast-color has-text-color has-link-color has-medium-font-size wp-elements-014bfb1c7a6b83e673b7aedcb83b1dde\">Universit\u00e4t L\u00fcttich&nbsp;2020-2022<\/h4>\n\n\n\n<h5 class=\"wp-block-heading has-contrast-2-color has-text-color has-link-color has-medium-font-size wp-elements-9c0eed86e2745247814ac781680e94bb\">Master in Psychologie mit Spezialisierung (klinische Psychologie)<\/h5>\n\n\n\n<h6 class=\"wp-block-heading is-style-default has-contrast-2-color has-text-color has-link-color wp-elements-64d3afc57a04afb366fe410568595be1\">Schwerpunkt : Kriminalit\u00e4t und Abh\u00e4ngigkeit<\/h6>\n\n\n\n<h6 class=\"wp-block-heading has-contrast-2-color has-text-color has-link-color has-small-font-size wp-elements-d80477633c101410a4bad1b1a984f67b\">Praktikum bei Wegweiser Ostbelgien 2021\u200b<\/h6>\n\n\n\n<h6 class=\"wp-block-heading has-contrast-2-color has-text-color has-link-color has-small-font-size wp-elements-5310de42b2318ecc06f82a6adac3f8af\">Praktikum beim Projekt TimeOut&nbsp; 2021<\/h6>\n\n\n\n<h5 class=\"wp-block-heading has-contrast-color has-text-color has-link-color has-small-font-size wp-elements-f98a357c324c8b272dc2f1e94b4cbdc7\">Erg\u00e4nzend bin ich seit 2016 im Besitz des Trainerscheins C im Turnen und seit 2025 im Besitz des Trainerscheins B im Bereich der Allgemeinen Sporttheorie \u2013 eine wertvolle Grundlage f\u00fcr meine T\u00e4tigkeit im Eltern-Kind-Turnen.<\/h5>\n<\/blockquote>\n\n\n\n<figure class=\"wp-block-image size-large is-style-rounded is-style-rounded--1\"><img loading=\"lazy\" decoding=\"async\" width=\"1919\" height=\"2560\" src=\"https:\/\/kimbarth.be\/wp-content\/uploads\/2026\/01\/Kim-Barth-Arbeit-edited-1-scaled.jpg\" alt=\"\" class=\"wp-image-131\" style=\"aspect-ratio:9\/16;object-fit:cover\" srcset=\"http:\/\/kimbarth.be\/wp-content\/uploads\/2026\/01\/Kim-Barth-Arbeit-edited-1-scaled.jpg 1919w, http:\/\/kimbarth.be\/wp-content\/uploads\/2026\/01\/Kim-Barth-Arbeit-edited-1-225x300.jpg 225w, http:\/\/kimbarth.be\/wp-content\/uploads\/2026\/01\/Kim-Barth-Arbeit-edited-1-768x1025.jpg 768w, http:\/\/kimbarth.be\/wp-content\/uploads\/2026\/01\/Kim-Barth-Arbeit-edited-1-1151x1536.jpg 1151w, http:\/\/kimbarth.be\/wp-content\/uploads\/2026\/01\/Kim-Barth-Arbeit-edited-1-1535x2048.jpg 1535w\" sizes=\"auto, (max-width: 1919px) 100vw, 1919px\" \/><\/figure>\n<\/div>\n<\/div>\n<\/div>\n","protected":false},"excerpt":{"rendered":"<p>In meiner Arbeit verbinde ich fundiertes psychologisches Fachwissen mit einer einf\u00fchlsamen und respektvollen Haltung. Es ist mir ein gro\u00dfes Anliegen, dass Sie sich bei mir gut aufgehoben, verstanden und ernst genommen f\u00fchlen. Damit Sie sich vorab ein Bild von mir, meinen Kompetenzen und meiner Arbeitsweise machen k\u00f6nnen, habe ich hier einige Informationen zu meiner Ausbildung [&hellip;]<\/p>\n","protected":false},"author":1,"featured_media":0,"parent":0,"menu_order":0,"comment_status":"closed","ping_status":"open","template":"","meta":{"footnotes":""},"class_list":["post-2","page","type-page","status-publish","hentry"],"_links":{"self":[{"href":"http:\/\/kimbarth.be\/index.php\/wp-json\/wp\/v2\/pages\/2","targetHints":{"allow":["GET"]}}],"collection":[{"href":"http:\/\/kimbarth.be\/index.php\/wp-json\/wp\/v2\/pages"}],"about":[{"href":"http:\/\/kimbarth.be\/index.php\/wp-json\/wp\/v2\/types\/page"}],"author":[{"embeddable":true,"href":"http:\/\/kimbarth.be\/index.php\/wp-json\/wp\/v2\/users\/1"}],"replies":[{"embeddable":true,"href":"http:\/\/kimbarth.be\/index.php\/wp-json\/wp\/v2\/comments?post=2"}],"version-history":[{"count":15,"href":"http:\/\/kimbarth.be\/index.php\/wp-json\/wp\/v2\/pages\/2\/revisions"}],"predecessor-version":[{"id":185,"href":"http:\/\/kimbarth.be\/index.php\/wp-json\/wp\/v2\/pages\/2\/revisions\/185"}],"wp:attachment":[{"href":"http:\/\/kimbarth.be\/index.php\/wp-json\/wp\/v2\/media?parent=2"}],"curies":[{"name":"wp","href":"https:\/\/api.w.org\/{rel}","templated":true}]}}