{"id":42,"date":"2026-01-31T00:35:28","date_gmt":"2026-01-31T00:35:28","guid":{"rendered":"https:\/\/kimbarth.be\/?page_id=42"},"modified":"2026-03-10T10:12:10","modified_gmt":"2026-03-10T10:12:10","slug":"tatigkeitsbereiche","status":"publish","type":"page","link":"http:\/\/kimbarth.be\/index.php\/tatigkeitsbereiche\/","title":{"rendered":"T\u00e4tigkeitsbereiche"},"content":{"rendered":"\n<div class=\"wp-block-group alignfull has-accent-4-background-color has-background has-global-padding is-layout-constrained wp-container-core-group-is-layout-669513ed wp-block-group-is-layout-constrained\" style=\"margin-top:0;margin-bottom:0;padding-top:var(--wp--preset--spacing--50);padding-right:var(--wp--preset--spacing--50);padding-bottom:var(--wp--preset--spacing--50);padding-left:var(--wp--preset--spacing--50)\">\n<div class=\"wp-block-group is-vertical is-content-justification-center is-layout-flex wp-container-core-group-is-layout-52b864f0 wp-block-group-is-layout-flex\">\n<h2 class=\"wp-block-heading has-text-align-center is-style-asterisk\">Psycho-soziale Begleitung<\/h2>\n\n\n\n<div style=\"height:0px\" aria-hidden=\"true\" class=\"wp-block-spacer wp-container-content-4f2ccadb\"><\/div>\n\n\n\n<p class=\"has-text-align-center\">Psycho-soziale Begleitung bezeichnet eine unterst\u00fctzende Form der Hilfe, die Menschen in unterschiedlichen Lebenssituationen darin st\u00e4rkt, ihre psychische Gesundheit zu stabilisieren, ihre sozialen Kompetenzen zu f\u00f6rdern und Herausforderungen des Alltags besser zu bew\u00e4ltigen. Ziel ist es, die Teilhabe am sozialen Leben zu f\u00f6rdern, Ressourcen zu aktivieren und die individuelle Lebensqualit\u00e4t zu erh\u00f6hen.<\/p>\n\n\n\n<p>\u200b<\/p>\n\n\n\n<p class=\"has-text-align-center\">Meine Angebot richtet sich speziell an Jugendliche und junge Erwachsene und bietet Unterst\u00fctzung genau da, wo sie sie brauchen \u2013 freiwillig, einvernehmlich und individuell.<\/p>\n<\/div>\n\n\n\n<div style=\"margin-top:0;margin-bottom:0;height:var(--wp--preset--spacing--40)\" aria-hidden=\"true\" class=\"wp-block-spacer\"><\/div>\n\n\n\n<div class=\"wp-block-columns alignwide is-layout-flex wp-container-core-columns-is-layout-d0bbbce0 wp-block-columns-is-layout-flex\">\n<div class=\"wp-block-column is-layout-flow wp-container-core-column-is-layout-e3d1c41b wp-block-column-is-layout-flow\">\n<h3 class=\"wp-block-heading has-text-align-center is-style-asterisk has-body-font-family has-medium-font-size\" style=\"font-style:normal;font-weight:600\">Emotionale Unterst\u00fctzung<\/h3>\n\n\n\n<p class=\"has-text-align-left\">Meine Praxis bietet einen sicheren Raum, in dem Gef\u00fchle wie Angst, Trauer, Wut oder \u00dcberforderung ausgedr\u00fcckt und verarbeitet werden k\u00f6nnen. Diese Stabilisierung ist besonders in belastenden Lebenssituationen wichtig, um psychische Krisen zu vermeiden.<\/p>\n<\/div>\n\n\n\n<div class=\"wp-block-column is-layout-flow wp-container-core-column-is-layout-e3d1c41b wp-block-column-is-layout-flow\">\n<h3 class=\"wp-block-heading has-text-align-center is-style-asterisk has-body-font-family has-medium-font-size\" style=\"font-style:normal;font-weight:600\">Unterst\u00fctzung in der Krisenbew\u00e4ltigung<\/h3>\n\n\n\n<p class=\"has-text-align-left\">Menschen in akuten Krisensituationen \u2013 wie famili\u00e4ren Konflikten, psychischen Erkrankungen, Trauer oder Traumata \u2013 erhalten die notwendige Unterst\u00fctzung, um die Situation zu bew\u00e4ltigen, Belastungen zu reduzieren und einen Perspektivwechsel zu erm\u00f6glichen. <\/p>\n\n\n\n<p class=\"has-text-align-left\">Ziel ist es, Krisen zu entsch\u00e4rfen und langfristige Folgen zu verhindern.<\/p>\n<\/div>\n\n\n\n<div class=\"wp-block-column is-layout-flow wp-container-core-column-is-layout-e3d1c41b wp-block-column-is-layout-flow\">\n<h3 class=\"wp-block-heading has-text-align-center is-style-asterisk has-body-font-family has-medium-font-size\" style=\"font-style:normal;font-weight:600\">Pr\u00e4vention und Gesundheitsf\u00f6rderung<\/h3>\n\n\n\n<p class=\"has-text-align-left\">Neben der akuten Unterst\u00fctzung umfasst die Begleitung auch pr\u00e4ventive Ma\u00dfnahmen. Dazu z\u00e4hlen Strategien zur Stressbew\u00e4ltigung, F\u00f6rderung eines gesunden Lebensstils und die St\u00e4rkung von Resilienz, um zuk\u00fcnftigen Belastungen vorzubeugen.<\/p>\n<\/div>\n<\/div>\n\n\n\n<div style=\"height:var(--wp--preset--spacing--20)\" aria-hidden=\"true\" class=\"wp-block-spacer\"><\/div>\n\n\n\n<div class=\"wp-block-columns alignwide is-layout-flex wp-container-core-columns-is-layout-d0bbbce0 wp-block-columns-is-layout-flex\">\n<div class=\"wp-block-column is-layout-flow wp-container-core-column-is-layout-e3d1c41b wp-block-column-is-layout-flow\">\n<h3 class=\"wp-block-heading has-text-align-center is-style-asterisk has-body-font-family has-medium-font-size\" style=\"font-style:normal;font-weight:600\">F\u00f6rderung sozialer Kompetenzen<\/h3>\n\n\n\n<p class=\"has-text-align-left\">Dazu geh\u00f6ren Kommunikation, Konfliktbew\u00e4ltigung, Kooperation und Empathie. Durch Training sozialer F\u00e4higkeiten k\u00f6nnen die Beratungsnutzer stabilere Beziehungen aufbauen und ihre soziale Integration verbessern.<\/p>\n<\/div>\n\n\n\n<div class=\"wp-block-column is-layout-flow wp-container-core-column-is-layout-e3d1c41b wp-block-column-is-layout-flow\">\n<h3 class=\"wp-block-heading has-text-align-center is-style-asterisk has-body-font-family has-medium-font-size\" style=\"font-style:normal;font-weight:600\">St\u00e4rkung von Ressourcen und Selbstwirksamkeit <\/h3>\n\n\n\n<p class=\"has-text-align-left\">Die Beratungsnutzer werden darin unterst\u00fctzt, eigene F\u00e4higkeiten, Talente und L\u00f6sungsm\u00f6glichkeiten zu erkennen und zu nutzen. Dies kann durch gezielte \u00dcbungen, Reflexion oder durch gemeinsame Probleml\u00f6sungsprozesse geschehen<\/p>\n<\/div>\n\n\n\n<div class=\"wp-block-column is-layout-flow wp-container-core-column-is-layout-e3d1c41b wp-block-column-is-layout-flow\">\n<h3 class=\"wp-block-heading has-text-align-center is-style-asterisk has-body-font-family has-medium-font-size\" style=\"font-style:normal;font-weight:600\">Beratung, Orientierung und Vernetzung <\/h3>\n\n\n\n<p class=\"has-text-align-left\">Psycho-soziale Begleitung umfasst auch die Beratung in Alltagsfragen. Dazu geh\u00f6rt das Aufzeigen von Handlungsoptionen, die Unterst\u00fctzung bei Entscheidungsprozessen und die Orientierung in komplexen sozialen und institutionellen Strukturen. Als klinische Psychologin helfe ich Ihnen dabei, Zug\u00e4nge zu Bildung, Arbeit, Therapie oder sozialen Dienstleistungen zu finden.<\/p>\n<\/div>\n<\/div>\n<\/div>\n\n\n\n<div class=\"wp-block-group alignfull has-base-2-background-color has-background has-global-padding is-layout-constrained wp-container-core-group-is-layout-669513ed wp-block-group-is-layout-constrained\" style=\"margin-top:0;margin-bottom:0;padding-top:var(--wp--preset--spacing--50);padding-right:var(--wp--preset--spacing--50);padding-bottom:var(--wp--preset--spacing--50);padding-left:var(--wp--preset--spacing--50)\">\n<div class=\"wp-block-group is-vertical is-content-justification-center is-layout-flex wp-container-core-group-is-layout-52b864f0 wp-block-group-is-layout-flex\">\n<h2 class=\"wp-block-heading has-text-align-center is-style-asterisk\">Intelligenztestung<\/h2>\n\n\n\n<div style=\"height:0px\" aria-hidden=\"true\" class=\"wp-block-spacer wp-container-content-4f2ccadb\"><\/div>\n\n\n\n<p class=\"has-text-align-center\">Intelligenztestungen sind standardisierte Verfahren, mit denen kognitive F\u00e4higkeiten erfasst werden. Sie geben Aufschluss \u00fcber unterschiedliche Denk- und Probleml\u00f6sef\u00e4higkeiten und k\u00f6nnen in verschiedenen Kontexten eingesetzt werden :<\/p>\n\n\n\n<ul class=\"wp-block-list\">\n<li>Aufzeigen individueller St\u00e4rken und Potenziale<\/li>\n\n\n\n<li>Unterst\u00fctzung bei schulischen oder beruflichen Entscheidungen<\/li>\n\n\n\n<li>Psychologische Diagnostik, z. B. bei Lernschwierigkeiten oder Hochbegabung<\/li>\n\n\n\n<li>Grundlage f\u00fcr gezielte F\u00f6rderung<\/li>\n<\/ul>\n\n\n\n<p>\u200b<\/p>\n\n\n\n<h3 class=\"wp-block-heading\">Wichtig zu wissen<\/h3>\n\n\n\n<p class=\"has-text-align-center\">Ein Test allein bildet nie die ganze Pers\u00f6nlichkeit ab. Intelligenz umfasst weit mehr als das, was in standardisierten Verfahren gemessen werden kann \u2013 auch Kreativit\u00e4t, Motivation, soziale F\u00e4higkeiten und Lebenserfahrung spielen eine zentrale Rolle.<\/p>\n<\/div>\n\n\n\n<p class=\"has-text-align-center\">Alle Testungen k\u00f6nnen sowohl in deutscher als auch in franz\u00f6sischer Sprache durchgef\u00fchrt werden.<\/p>\n\n\n\n<div class=\"wp-block-group is-vertical is-content-justification-center is-layout-flex wp-container-core-group-is-layout-52b864f0 wp-block-group-is-layout-flex\">\n<div style=\"height:0px\" aria-hidden=\"true\" class=\"wp-block-spacer wp-container-content-6388d5dc\"><\/div>\n\n\n\n<hr class=\"wp-block-separator has-alpha-channel-opacity\"\/>\n<\/div>\n\n\n\n<div style=\"margin-top:0;margin-bottom:0;height:var(--wp--preset--spacing--40)\" aria-hidden=\"true\" class=\"wp-block-spacer\"><\/div>\n\n\n\n<div class=\"wp-block-columns alignwide is-layout-flex wp-container-core-columns-is-layout-d0bbbce0 wp-block-columns-is-layout-flex\">\n<div class=\"wp-block-column is-layout-flow wp-container-core-column-is-layout-e3d1c41b wp-block-column-is-layout-flow\">\n<h3 class=\"wp-block-heading has-text-align-center is-style-asterisk has-body-font-family has-medium-font-size\" style=\"font-style:normal;font-weight:600\">WPPSI (Wechsler Preschool and Primary Scale of Intelligence)<\/h3>\n\n\n\n<p class=\"has-text-align-left\">Der WPPSI erm\u00f6glicht bereits im Vorschul- und Grundschulalter (ca. 2\u00bd bis 7 Jahre) eine fundierte Einsch\u00e4tzung der kognitiven Entwicklung und gibt wertvolle Hinweise zu sprachlichen, nonverbalen und ged\u00e4chtnisbezogenen F\u00e4higkeiten.<\/p>\n<\/div>\n\n\n\n<div class=\"wp-block-column is-layout-flow wp-container-core-column-is-layout-e3d1c41b wp-block-column-is-layout-flow\">\n<h3 class=\"wp-block-heading has-text-align-center is-style-asterisk has-body-font-family has-medium-font-size\" style=\"font-style:normal;font-weight:600\">WISC (Wechler Intelligence Scale for Children)<\/h3>\n\n\n\n<p class=\"has-text-align-left\">Der WISC richtet sich an Kinder und Jugendliche von 6 bis 16 Jahren und erfasst zentrale kognitive F\u00e4higkeiten wie sprachliches Verst\u00e4ndnis, visuell-r\u00e4umliches Denken, logisches Schlussfolgern sowie Verarbeitungsgeschwindigkeit.<\/p>\n<\/div>\n<\/div>\n\n\n\n<div style=\"height:var(--wp--preset--spacing--20)\" aria-hidden=\"true\" class=\"wp-block-spacer\"><\/div>\n\n\n\n<div class=\"wp-block-columns alignwide is-layout-flex wp-container-core-columns-is-layout-d0bbbce0 wp-block-columns-is-layout-flex\">\n<div class=\"wp-block-column is-layout-flow wp-container-core-column-is-layout-e3d1c41b wp-block-column-is-layout-flow\">\n<h3 class=\"wp-block-heading has-text-align-center is-style-asterisk has-body-font-family has-medium-font-size\" style=\"font-style:normal;font-weight:600\">WNV (Wechler Nonverbal Scale of Ability)<\/h3>\n\n\n\n<p class=\"has-text-align-left\">Der WNV ist ein standardisierter Intelligenztest, der speziell entwickelt wurde, um die kognitiven F\u00e4higkeiten von Personen ohne sprachliche oder kulturelle Barrieren zu messen. Im Gegensatz zu traditionellen Intelligenztests, die verbale Aufgaben beinhalten, konzentriert sich der WNV auf nonverbale Aufgaben, wodurch er besonders geeignet ist f\u00fcr:<\/p>\n\n\n\n<ul class=\"wp-block-list\">\n<li>Personen mit H\u00f6rbeeintr\u00e4chtigungen oder anderen kommunikativen Einschr\u00e4nkungen<\/li>\n\n\n\n<li>Kinder und Jugendliche im Alter von 4 bis 21 Jahren<\/li>\n\n\n\n<li>Personen mit Sprachbarrieren<\/li>\n<\/ul>\n<\/div>\n\n\n\n<div class=\"wp-block-column is-layout-flow wp-container-core-column-is-layout-e3d1c41b wp-block-column-is-layout-flow\">\n<h3 class=\"wp-block-heading has-text-align-center is-style-asterisk has-body-font-family has-medium-font-size\" style=\"font-style:normal;font-weight:600\">WAIS (Wechler Adult Intelligence Scale)<\/h3>\n\n\n\n<p class=\"has-text-align-left\">Der WAIS richtet sich an Erwachsene ab 16 Jahren und gibt Aufschluss \u00fcber wichtige kognitive F\u00e4higkeiten wie Sprachverst\u00e4ndnis, Arbeitsged\u00e4chtnis, logisches Denken und Verarbeitungsgeschwindigkeit.<\/p>\n<\/div>\n<\/div>\n<\/div>\n\n\n\n<div class=\"wp-block-group alignfull has-accent-4-background-color has-background has-global-padding is-layout-constrained wp-container-core-group-is-layout-669513ed wp-block-group-is-layout-constrained\" style=\"margin-top:0;margin-bottom:0;padding-top:var(--wp--preset--spacing--50);padding-right:var(--wp--preset--spacing--50);padding-bottom:var(--wp--preset--spacing--50);padding-left:var(--wp--preset--spacing--50)\">\n<div class=\"wp-block-group is-vertical is-content-justification-center is-layout-flex wp-container-core-group-is-layout-52b864f0 wp-block-group-is-layout-flex\">\n<h2 class=\"wp-block-heading has-text-align-center is-style-asterisk\">Pers\u00f6nlichkeitstestung<\/h2>\n\n\n\n<div style=\"height:0px\" aria-hidden=\"true\" class=\"wp-block-spacer wp-container-content-4f2ccadb\"><\/div>\n\n\n\n<p class=\"has-text-align-center\">Als <strong>klinische Psychologin<\/strong> biete ich fundierte Pers\u00f6nlichkeitstestungen an, die dabei helfen, sich selbst besser zu verstehen, innere Muster einzuordnen und pers\u00f6nliche Entwicklungsprozesse gezielt zu begleiten.<\/p>\n<\/div>\n\n\n\n<p><\/p>\n\n\n\n<div class=\"wp-block-group is-vertical is-content-justification-center is-layout-flex wp-container-core-group-is-layout-52b864f0 wp-block-group-is-layout-flex\">\n<p class=\"has-text-align-center\">Pers\u00f6nlichkeitstestungen sind kein \u201eLabel\u201c, sondern ein <strong>differenziertes Instrument zur Selbstreflexion und psychologischen Einordnung<\/strong>. Sie k\u00f6nnen wertvolle Hinweise darauf geben, wie wir f\u00fchlen, denken, handeln \u2013 und warum bestimmte Situationen immer wieder \u00e4hnlich erlebt werden.<\/p>\n<\/div>\n\n\n\n<p class=\"has-text-align-center\">Ich arbeite ausschlie\u00dflich mit <strong>wissenschaftlich fundierten und international anerkannten Verfahren<\/strong>. Die Auswahl des Tests erfolgt <strong>individuell und zielorientiert<\/strong>, abh\u00e4ngig von Fragestellung, Alter und Kontext. <\/p>\n\n\n\n<div style=\"margin-top:0;margin-bottom:0;height:var(--wp--preset--spacing--40)\" aria-hidden=\"true\" class=\"wp-block-spacer\"><\/div>\n\n\n\n<div class=\"wp-block-columns alignwide is-layout-flex wp-container-core-columns-is-layout-d0bbbce0 wp-block-columns-is-layout-flex\">\n<div class=\"wp-block-column is-layout-flow wp-container-core-column-is-layout-e3d1c41b wp-block-column-is-layout-flow\">\n<h3 class=\"wp-block-heading has-text-align-center is-style-asterisk has-body-font-family has-medium-font-size\" style=\"font-style:normal;font-weight:600\">JTCI (Junior Temperament and Charakter Inventory)<\/h3>\n\n\n\n<p class=\"has-text-align-center\">nur in deutscher Sprache<\/p>\n\n\n\n<p class=\"has-text-align-left\">Erfasst grundlegende Temperaments- und Charaktermerkmale wie Emotionsregulation, Impulsivit\u00e4t, Harmoniebed\u00fcrfnis und Selbststeuerung. Der Test erm\u00f6glicht ein vertieftes Verst\u00e4ndnis individueller Verhaltens- und Erlebensmuster.<\/p>\n<\/div>\n\n\n\n<div class=\"wp-block-column is-layout-flow wp-container-core-column-is-layout-e3d1c41b wp-block-column-is-layout-flow\">\n<h3 class=\"wp-block-heading has-text-align-center is-style-asterisk has-body-font-family has-medium-font-size\" style=\"font-style:normal;font-weight:600\">NEO &#8211; PI &#8211; R<\/h3>\n\n\n\n<p class=\"has-text-align-center\">in deutscher und franz\u00f6sischer Sprache<\/p>\n\n\n\n<p class=\"has-text-align-left\">Misst die f\u00fcnf zentralen Pers\u00f6nlichkeitsdimensionen (<em>Big Five<\/em>): Neurotizismus, Extraversion, Offenheit, Vertr\u00e4glichkeit und Gewissenhaftigkeit. Bietet ein differenziertes und gut verst\u00e4ndliches Pers\u00f6nlichkeitsprofil.<\/p>\n<\/div>\n<\/div>\n\n\n\n<div style=\"height:var(--wp--preset--spacing--20)\" aria-hidden=\"true\" class=\"wp-block-spacer\"><\/div>\n\n\n\n<div class=\"wp-block-columns alignwide is-layout-flex wp-container-core-columns-is-layout-d0bbbce0 wp-block-columns-is-layout-flex\">\n<div class=\"wp-block-column is-layout-flow wp-container-core-column-is-layout-e3d1c41b wp-block-column-is-layout-flow\">\n<h3 class=\"wp-block-heading has-text-align-center is-style-asterisk has-body-font-family has-medium-font-size\" style=\"font-style:normal;font-weight:600\">TCI &#8211; R (Temperament and Character Inventory Revised)<\/h3>\n\n\n\n<p class=\"has-text-align-center\">in franz\u00f6sischer Sprache<\/p>\n\n\n\n<p class=\"has-text-align-left\">Analysiert emotionale Reaktionsmuster, Motivation und Charaktereigenschaften und unterst\u00fctzt die Einordnung pers\u00f6nlicher St\u00e4rken und Entwicklungsfelder.<\/p>\n<\/div>\n\n\n\n<div class=\"wp-block-column is-layout-flow wp-container-core-column-is-layout-e3d1c41b wp-block-column-is-layout-flow\">\n<p class=\"has-text-align-left\"><\/p>\n\n\n\n<p class=\"has-text-align-left\"><\/p>\n<\/div>\n<\/div>\n<\/div>\n\n\n\n<div class=\"wp-block-group alignfull has-base-2-background-color has-background has-global-padding is-layout-constrained wp-container-core-group-is-layout-669513ed wp-block-group-is-layout-constrained\" style=\"margin-top:0;margin-bottom:0;padding-top:var(--wp--preset--spacing--50);padding-right:var(--wp--preset--spacing--50);padding-bottom:var(--wp--preset--spacing--50);padding-left:var(--wp--preset--spacing--50)\">\n<div class=\"wp-block-group is-vertical is-content-justification-center is-layout-flex wp-container-core-group-is-layout-52b864f0 wp-block-group-is-layout-flex\">\n<h2 class=\"wp-block-heading has-text-align-center is-style-asterisk\">Eltern-Kind-Turnen<\/h2>\n\n\n\n<h4 class=\"wp-block-heading\">In Zusammenarbeit mit Kaleido Ostbelgien<\/h4>\n\n\n\n<div style=\"height:0px\" aria-hidden=\"true\" class=\"wp-block-spacer wp-container-content-6388d5dc\"><\/div>\n\n\n\n<p>\u201eFr\u00fchkindliche Bewegungserfahrungen legen den Grundstein f\u00fcr eine altersgerechte Entwicklung der Kinder. \u00dcber Bewegung werden nicht nur die motorischen F\u00e4higkeiten eines Kindes gef\u00f6rdert, sondern auch seine sprachliche, sozial-emotionale und kognitive Entwicklung angeregt.\u201c (Borggr\u00e4fe, 2010, S. 25).<\/p>\n\n\n\n<p>\u200b<\/p>\n\n\n\n<p>Das Eltern-Kind-Turnen bietet Kindern die M\u00f6glichkeit, durch Bewegung mit sich selbst und ihrer Umwelt zu experimentieren. Dabei stehen die Eigenaktivit\u00e4t und das Ausprobieren im Vordergrund. Ziel ist es, die motorischen Fertigkeiten \u2013 wie Laufen, Klettern, H\u00fcpfen, Springen, Rollen, Balancieren, Schwingen, Werfen und Fangen \u2013 weiterzuentwickeln und Bewegungssicherheit im Alltag zu f\u00f6rdern.<\/p>\n\n\n\n<p>\u200b<\/p>\n\n\n\n<p>Zudem greift das Eltern-Kind-Turnen ein aktuelles Problem auf: den Verlust nat\u00fcrlicher Spiel- und Bewegungsgelegenheiten, der zu Bewegungsmangel bei Kindern f\u00fchren kann (Zimmer, 2013). K\u00f6rperliche, geistige und soziale Entwicklungseinschr\u00e4nkungen treten immer h\u00e4ufiger auf und k\u00f6nnen mit fehlender Bewegung zusammenh\u00e4ngen. Zimmer betont: \u201eIn einer empirischen Untersuchung wurde z.B. belegt, dass vor allem die von Eltern und Kindern gemeinsam betriebenen Bewegungsaktivit\u00e4ten sich positiv auf die motorische Entwicklung von Kindern auswirken.\u201c (Zimmer, 2013, S. 113).<\/p>\n<\/div>\n\n\n\n<div class=\"wp-block-buttons is-content-justification-center is-layout-flex wp-container-core-buttons-is-layout-a89b3969 wp-block-buttons-is-layout-flex\">\n<div class=\"wp-block-button\"><a class=\"wp-block-button__link wp-element-button\" href=\"https:\/\/www.kaleido-ostbelgien.be\/angebote\/kurse\/detail\/gemeinsam-bewegen-gemeinsam-erleben-eltern-kind-turnen-in-kelmis-2\" target=\"_blank\" rel=\"noopener\">Zu den Kursen<\/a><\/div>\n<\/div>\n\n\n\n<div class=\"wp-block-group is-vertical is-content-justification-center is-layout-flex wp-container-core-group-is-layout-52b864f0 wp-block-group-is-layout-flex\">\n<p>\u200b<\/p>\n\n\n\n<p>Die Vorteile des Eltern-Kind-Turnens gehen jedoch \u00fcber die reine motorische Entwicklung hinaus:<\/p>\n<\/div>\n\n\n\n<div style=\"margin-top:0;margin-bottom:0;height:var(--wp--preset--spacing--40)\" aria-hidden=\"true\" class=\"wp-block-spacer\"><\/div>\n\n\n\n<div class=\"wp-block-columns alignwide is-layout-flex wp-container-core-columns-is-layout-d0bbbce0 wp-block-columns-is-layout-flex\">\n<div class=\"wp-block-column is-layout-flow wp-container-core-column-is-layout-e3d1c41b wp-block-column-is-layout-flow\">\n<h3 class=\"wp-block-heading has-text-align-center is-style-asterisk has-body-font-family has-medium-font-size\" style=\"font-style:normal;font-weight:600\">Kognitive F\u00e4higkeiten <\/h3>\n\n\n\n<p class=\"has-text-align-left\">Kinder lernen, Anweisungen zu befolgen, Probleme zu l\u00f6sen und sich zu konzentrieren. Gleichzeitig f\u00f6rdern gemeinsames Spielen und Lernen ihre Kreativit\u00e4t und Vorstellungskraft.<\/p>\n<\/div>\n\n\n\n<div class=\"wp-block-column is-layout-flow wp-container-core-column-is-layout-e3d1c41b wp-block-column-is-layout-flow\">\n<h3 class=\"wp-block-heading has-text-align-center is-style-asterisk has-body-font-family has-medium-font-size\" style=\"font-style:normal;font-weight:600\">Soziale F\u00e4higkeiten<\/h3>\n\n\n\n<p class=\"has-text-align-left\">In der Gruppe mit anderen Kindern und Eltern entwickeln Kinder F\u00e4higkeiten wie Kooperation, R\u00fccksichtnahme und Abwechseln, die f\u00fcr Empathie und soziale Kompetenz wichtig sind.<\/p>\n<\/div>\n<\/div>\n\n\n\n<div style=\"height:var(--wp--preset--spacing--20)\" aria-hidden=\"true\" class=\"wp-block-spacer\"><\/div>\n\n\n\n<div class=\"wp-block-columns alignwide is-layout-flex wp-container-core-columns-is-layout-d0bbbce0 wp-block-columns-is-layout-flex\">\n<div class=\"wp-block-column is-layout-flow wp-container-core-column-is-layout-e3d1c41b wp-block-column-is-layout-flow\">\n<h3 class=\"wp-block-heading has-text-align-center is-style-asterisk has-body-font-family has-medium-font-size\" style=\"font-style:normal;font-weight:600\">Eltern-Kind-Bindung<\/h3>\n\n\n\n<p class=\"has-text-align-left\">Gemeinsame Bewegung st\u00e4rkt die emotionale Bindung zwischen Eltern und Kindern und bietet wertvolle Qualit\u00e4tszeit.<\/p>\n<\/div>\n\n\n\n<div class=\"wp-block-column is-layout-flow wp-container-core-column-is-layout-e3d1c41b wp-block-column-is-layout-flow\">\n<h3 class=\"wp-block-heading has-text-align-center is-style-asterisk has-body-font-family has-medium-font-size\" style=\"font-style:normal;font-weight:600\">Gesunder Lebensstil<\/h3>\n\n\n\n<p class=\"has-text-align-left\">Das fr\u00fche Erleben von Freude an Bewegung legt den Grundstein f\u00fcr einen aktiven Lebensstil. Positive Erfahrungen im Eltern-Kind-Turnen k\u00f6nnen Kinder langfristig zu Bewegung motivieren und als Basis f\u00fcr weitere Sportarten wie Fahrradfahren, Fu\u00dfball oder Leichtathletik dienen<\/p>\n<\/div>\n<\/div>\n\n\n\n<p class=\"has-base-2-background-color has-background\">Quellen:<\/p>\n\n\n\n<p>Borggr\u00e4fe, Y. (2010). Bewegungslandschaften f\u00fcr die Kleinsten. Anregungen f\u00fcr eine bewegungsorientierte Entwicklungsf\u00f6rderung f\u00fcr 1- bis 3-J\u00e4hrige. In R. Zimmer (Hrsg.), Bewegung, K\u00f6rpererfahrung &amp; Gesundheit. Bildungsjournal Fr\u00fche Kindheit (1. Aufl., S. 24\u201331). Cornelsen Scriptor Verlag.<\/p>\n\n\n\n<p>Zimmer, R. (2013). Handbuch der Bewegungserziehung. Grundlagen f\u00fcr Ausbildung und p\u00e4dagogische Praxis (12. \u00fcberarb. u. erw. Aufl.). Herder Verlag.<\/p>\n<\/div>\n","protected":false},"excerpt":{"rendered":"<p>Psycho-soziale Begleitung Psycho-soziale Begleitung bezeichnet eine unterst\u00fctzende Form der Hilfe, die Menschen in unterschiedlichen Lebenssituationen darin st\u00e4rkt, ihre psychische Gesundheit zu stabilisieren, ihre sozialen Kompetenzen zu f\u00f6rdern und Herausforderungen des Alltags besser zu bew\u00e4ltigen. Ziel ist es, die Teilhabe am sozialen Leben zu f\u00f6rdern, Ressourcen zu aktivieren und die individuelle Lebensqualit\u00e4t zu erh\u00f6hen. \u200b Meine [&hellip;]<\/p>\n","protected":false},"author":1,"featured_media":0,"parent":0,"menu_order":0,"comment_status":"closed","ping_status":"closed","template":"","meta":{"footnotes":""},"class_list":["post-42","page","type-page","status-publish","hentry"],"_links":{"self":[{"href":"http:\/\/kimbarth.be\/index.php\/wp-json\/wp\/v2\/pages\/42","targetHints":{"allow":["GET"]}}],"collection":[{"href":"http:\/\/kimbarth.be\/index.php\/wp-json\/wp\/v2\/pages"}],"about":[{"href":"http:\/\/kimbarth.be\/index.php\/wp-json\/wp\/v2\/types\/page"}],"author":[{"embeddable":true,"href":"http:\/\/kimbarth.be\/index.php\/wp-json\/wp\/v2\/users\/1"}],"replies":[{"embeddable":true,"href":"http:\/\/kimbarth.be\/index.php\/wp-json\/wp\/v2\/comments?post=42"}],"version-history":[{"count":12,"href":"http:\/\/kimbarth.be\/index.php\/wp-json\/wp\/v2\/pages\/42\/revisions"}],"predecessor-version":[{"id":191,"href":"http:\/\/kimbarth.be\/index.php\/wp-json\/wp\/v2\/pages\/42\/revisions\/191"}],"wp:attachment":[{"href":"http:\/\/kimbarth.be\/index.php\/wp-json\/wp\/v2\/media?parent=42"}],"curies":[{"name":"wp","href":"https:\/\/api.w.org\/{rel}","templated":true}]}}