{"id":43,"date":"2026-01-30T23:42:00","date_gmt":"2026-01-30T23:42:00","guid":{"rendered":"https:\/\/kimbarth.be\/?page_id=43"},"modified":"2026-01-31T13:49:13","modified_gmt":"2026-01-31T13:49:13","slug":"fragen","status":"publish","type":"page","link":"http:\/\/kimbarth.be\/index.php\/fragen\/","title":{"rendered":"H\u00e4ufig gestellte Fragen"},"content":{"rendered":"\n<div class=\"wp-block-group alignfull has-contrast-background-color has-background has-global-padding is-layout-constrained wp-container-core-group-is-layout-669513ed wp-block-group-is-layout-constrained\" style=\"margin-top:0;margin-bottom:0;padding-top:var(--wp--preset--spacing--50);padding-right:var(--wp--preset--spacing--50);padding-bottom:var(--wp--preset--spacing--50);padding-left:var(--wp--preset--spacing--50)\">\n<p class=\"has-text-align-center has-base-2-color has-text-color has-link-color wp-elements-d533599988f7abec00c25077094f5156\">Der erste Besuch in einer psychologischen Praxis ist oft mit Unsicherheiten verbunden. Diese Seite m\u00f6chte Ihnen den Einstieg erleichtern und erste Orientierung bieten. Bei weitere Fragen stehe ich Ihnen gerne zur Verf\u00fcgung.<\/p>\n\n\n\n<div class=\"wp-block-group is-vertical is-content-justification-center is-layout-flex wp-container-core-group-is-layout-52b864f0 wp-block-group-is-layout-flex\">\n<p>\u200b<\/p>\n\n\n\n<p class=\"has-text-align-center has-base-2-color has-text-color has-link-color wp-elements-9c511e8d517a3caa56d5165de649988d\">Vielen Dank f\u00fcr Ihr Interesse!<\/p>\n<\/div>\n\n\n\n<div style=\"margin-top:0;margin-bottom:0;height:var(--wp--preset--spacing--40)\" aria-hidden=\"true\" class=\"wp-block-spacer\"><\/div>\n\n\n\n<hr class=\"wp-block-separator has-alpha-channel-opacity\"\/>\n\n\n\n<div class=\"wp-block-columns alignwide is-layout-flex wp-container-core-columns-is-layout-d0bbbce0 wp-block-columns-is-layout-flex\">\n<div class=\"wp-block-column is-layout-flow wp-container-core-column-is-layout-e3d1c41b wp-block-column-is-layout-flow\">\n<h3 class=\"wp-block-heading has-text-align-center is-style-asterisk has-base-color has-text-color has-link-color has-body-font-family has-medium-font-size wp-elements-4296de6be17de87e5d09601fa01401f9\" style=\"font-style:normal;font-weight:600\">Anfrage<\/h3>\n\n\n\n<p class=\"has-text-align-left has-accent-color has-text-color has-link-color wp-elements-af0ed293ec7aef6d0b5df17fbcaefce2\">Die erste Kontaktaufnahme erfolgt in der Regel telefonisch. W\u00e4hrend der Beratungstermine kann ich Anrufe jedoch nicht pers\u00f6nlich entgegennehmen. Bitte hinterlassen Sie daher eine Nachricht mit Ihrem Namen, Ihrem Anliegen und einer Telefonnummer, unter der ich Sie tags\u00fcber erreichen kann. Ich rufe Sie zeitnah zur\u00fcck, um gegebenenfalls einen Termin f\u00fcr ein pers\u00f6nliches Gespr\u00e4ch zu vereinbaren.<\/p>\n\n\n\n<p>\u200b<\/p>\n\n\n\n<p class=\"has-text-align-left has-accent-color has-text-color has-link-color wp-elements-08ee65ec26cb713f82a2fe66fff93790\">Alternativ k\u00f6nnen Sie mir auch gerne eine E-Mail an&nbsp;<a href=\"mailto:contact@kimbarth.be\">contact@kimbarth.be<\/a>.<\/p>\n<\/div>\n\n\n\n<div class=\"wp-block-column is-layout-flow wp-container-core-column-is-layout-e3d1c41b wp-block-column-is-layout-flow\">\n<h3 class=\"wp-block-heading has-text-align-center is-style-asterisk has-base-color has-text-color has-link-color has-body-font-family has-medium-font-size wp-elements-38ca58ee16b71bfc16f8632063dd2f51\" style=\"font-style:normal;font-weight:600\">Erstgespr\u00e4ch<\/h3>\n\n\n\n<p class=\"has-accent-color has-text-color has-link-color wp-elements-3b306befc92fa0e8fdd627b3849cc897\">In einem einst\u00fcndigen Erstgespr\u00e4ch lernen Sie mich bzw. wir uns pers\u00f6nlich kennen. Dabei geht es darum, Ihr Anliegen, die aktuelle Situation und m\u00f6gliche n\u00e4chste Schritte zu besprechen. Dieses Gespr\u00e4ch dient dazu, herauszufinden, ob eine vertrauensvolle Zusammenarbeit f\u00fcr beide Seiten passend ist. Das Erstgespr\u00e4ch dauert in der Regel 60 Minuten, alle weiteren Sitzungen jeweils 45 Minuten.<\/p>\n\n\n\n<p class=\"has-accent-color has-text-color has-link-color wp-elements-477fcffe7c20e885ccbba85643380ca5\">Bei Kindern und Jugendlichen findet dieses Gespr\u00e4ch in der Regel gemeinsam mit den Eltern statt, kann jedoch auf Wunsch auch zun\u00e4chst ohne das Kind gef\u00fchrt werden.<\/p>\n\n\n\n<p class=\"has-accent-color has-text-color has-link-color wp-elements-f958a154f197abb5bc84be6c03142f8b\">F\u00fcr erwachsene Patient*innen gilt: Sie entscheiden selbst, ob Sie das Erstgespr\u00e4ch alleine oder in Begleitung wahrnehmen m\u00f6chten. Auch hier werden die weiteren Schritte individuell und einvernehmlich vereinbart.<\/p>\n<\/div>\n<\/div>\n\n\n\n<div style=\"height:var(--wp--preset--spacing--20)\" aria-hidden=\"true\" class=\"wp-block-spacer\"><\/div>\n\n\n\n<div style=\"height:100px\" aria-hidden=\"true\" class=\"wp-block-spacer\"><\/div>\n\n\n\n<div class=\"wp-block-columns alignwide is-layout-flex wp-container-core-columns-is-layout-d0bbbce0 wp-block-columns-is-layout-flex\">\n<div class=\"wp-block-column is-layout-flow wp-container-core-column-is-layout-e3d1c41b wp-block-column-is-layout-flow\">\n<h3 class=\"wp-block-heading has-text-align-center is-style-asterisk has-base-color has-text-color has-link-color has-body-font-family has-medium-font-size wp-elements-a014bb2f8cd518ae098d7dd6acb3a8ad\" style=\"font-style:normal;font-weight:600\">Kosten\u00fcbernahme<\/h3>\n\n\n\n<p class=\"has-text-align-left has-accent-color has-text-color has-link-color wp-elements-c7c79c653aace5ddd56e2d38855c53b7\">Die Teilr\u00fcckerstattung der Kosten f\u00fcr psychologische Betreuung h\u00e4ngt von Ihrer Krankenversicherung ab. Bitte erkundigen Sie sich direkt bei Ihrer Versicherung. Die R\u00fcckerstattung liegt in der Regel zwischen<strong>&nbsp;15 und 20\u202f\u20ac pro Sitzung<\/strong>, abh\u00e4ngig von Krankenkasse und Sitzungsdauer. Manche Versicherungen legen zudem einen Jahresh\u00f6chstbetrag fest.<\/p>\n\n\n\n<p class=\"has-accent-color has-text-color has-link-color wp-elements-9b86c6c0436587161cb64dfb93453f1f\">Voraussetzung dieser Erstattung ist unteranderem <\/p>\n\n\n\n<ul class=\"wp-block-list\">\n<li class=\"has-accent-color has-text-color has-link-color wp-elements-f9d4c9113fcde086e3c2ef8c4aa2dace\">eine&nbsp;Anerkennung seitens der belgischen Psychologenkommission und\/oder <\/li>\n\n\n\n<li class=\"has-accent-color has-text-color has-link-color wp-elements-4efb7a748bb1d202bb1a7d12c0ed1ee2\">ein Visum und\/oder eine vom F\u00d6D \u00d6ffentliche Gesundheit ausgestellte Zulassung besitzt.<\/li>\n<\/ul>\n\n\n\n<iframe src=\"https:\/\/www.compsy.be\/psychologue\/embed\/4238\" style=\"width: 400px; height: 200px; border: none;\"><\/iframe>\n<\/div>\n\n\n\n<div class=\"wp-block-column is-layout-flow wp-container-core-column-is-layout-e3d1c41b wp-block-column-is-layout-flow\">\n<h3 class=\"wp-block-heading has-text-align-center is-style-asterisk has-base-color has-text-color has-link-color has-body-font-family has-medium-font-size wp-elements-83782dd73be23bcf91a3c845201ec219\" style=\"font-style:normal;font-weight:600\">Schweigepflicht<\/h3>\n\n\n\n<p class=\"has-text-align-left has-accent-color has-text-color has-link-color wp-elements-7f601c3d0b6a0d5df253ff454795ff37\">Ein bei der belgischen Psychologenkommission registrierter klinischer Psychologe verpflichtet sich, den deontologischen Kodex der Psychologen einzuhalten.<\/p>\n\n\n\n<p class=\"has-accent-color has-text-color has-link-color wp-elements-cd5d3ced9f9a21ad5598a6bfb7eb7d91\">Dieser Kodex legt eine Reihe ethischer und beruflicher Verpflichtungen fest, wie zum Beispiel die&nbsp;<strong>Wahrung der Schweigepflicht<\/strong>, den Respekt vor der W\u00fcrde jedes Klienten, die Pflicht zu Integrit\u00e4t und Ehrlichkeit, die Aufrechterhaltung der eigenen fachlichen Kompetenzen und Qualifikationen auf hohem Niveau, etc.<br>Das bedeutet, dass ein bei der belgischen Psychologenkommission registrierter klinischer Psychologe diese berufsethischen Verpflichtungen einhalten und in der psychologischen Betreuung konsequent umsetzen muss.<\/p>\n\n\n\n<p class=\"has-accent-color has-text-color has-link-color wp-elements-cda36f6f032ac6e83e7c86726a3865f1\">\u200b\u200bWeitere Informationen \u00fcber die Rechte und Pflichten eines klinischen Psychologens finden Sie unter :&nbsp;<a href=\"https:\/\/www.compsy.be\/\" target=\"_blank\" rel=\"noreferrer noopener\">https:\/\/www.compsy.be<\/a><\/p>\n<\/div>\n\n\n\n<div class=\"wp-block-column is-layout-flow wp-container-core-column-is-layout-e3d1c41b wp-block-column-is-layout-flow\">\n<h3 class=\"wp-block-heading has-text-align-center is-style-asterisk has-base-color has-text-color has-link-color has-body-font-family has-medium-font-size wp-elements-33a4cfbdc15be42d929ddee2b2d2b984\" style=\"font-style:normal;font-weight:600\">Vers\u00e4umte Termine oder Terminabsage<\/h3>\n\n\n\n<p class=\"has-text-align-left has-accent-color has-text-color has-link-color wp-elements-6431e9288cc7953cf6b82ff31543dbf7\">Sollten Sie einen vereinbarten Termin nicht wahrnehmen k\u00f6nnen, bitten ich Sie, diesen so fr\u00fch wie m\u00f6glich, sp\u00e4testens jedoch 24 Stunden&nbsp;vorher, abzusagen. F\u00fcr nicht rechtzeitig oder gar nicht abgesagte Termine behalten ich mir vor, ein Ausfallhonorar in Rechnung zu stellen. Bitte beachten Sie, dass die vereinbarten Termine ausschlie\u00dflich f\u00fcr Sie reserviert sind.<\/p>\n<\/div>\n<\/div>\n<\/div>\n","protected":false},"excerpt":{"rendered":"<p>Der erste Besuch in einer psychologischen Praxis ist oft mit Unsicherheiten verbunden. Diese Seite m\u00f6chte Ihnen den Einstieg erleichtern und erste Orientierung bieten. Bei weitere Fragen stehe ich Ihnen gerne zur Verf\u00fcgung. \u200b Vielen Dank f\u00fcr Ihr Interesse! Anfrage Die erste Kontaktaufnahme erfolgt in der Regel telefonisch. W\u00e4hrend der Beratungstermine kann ich Anrufe jedoch nicht [&hellip;]<\/p>\n","protected":false},"author":1,"featured_media":0,"parent":0,"menu_order":0,"comment_status":"closed","ping_status":"closed","template":"","meta":{"footnotes":""},"class_list":["post-43","page","type-page","status-publish","hentry"],"_links":{"self":[{"href":"http:\/\/kimbarth.be\/index.php\/wp-json\/wp\/v2\/pages\/43","targetHints":{"allow":["GET"]}}],"collection":[{"href":"http:\/\/kimbarth.be\/index.php\/wp-json\/wp\/v2\/pages"}],"about":[{"href":"http:\/\/kimbarth.be\/index.php\/wp-json\/wp\/v2\/types\/page"}],"author":[{"embeddable":true,"href":"http:\/\/kimbarth.be\/index.php\/wp-json\/wp\/v2\/users\/1"}],"replies":[{"embeddable":true,"href":"http:\/\/kimbarth.be\/index.php\/wp-json\/wp\/v2\/comments?post=43"}],"version-history":[{"count":16,"href":"http:\/\/kimbarth.be\/index.php\/wp-json\/wp\/v2\/pages\/43\/revisions"}],"predecessor-version":[{"id":164,"href":"http:\/\/kimbarth.be\/index.php\/wp-json\/wp\/v2\/pages\/43\/revisions\/164"}],"wp:attachment":[{"href":"http:\/\/kimbarth.be\/index.php\/wp-json\/wp\/v2\/media?parent=43"}],"curies":[{"name":"wp","href":"https:\/\/api.w.org\/{rel}","templated":true}]}}